{"id":19,"date":"2022-08-23T16:50:25","date_gmt":"2022-08-23T14:50:25","guid":{"rendered":"https:\/\/www.barbara-radinger.com\/Kunst\/?page_id=19"},"modified":"2022-11-10T18:51:10","modified_gmt":"2022-11-10T17:51:10","slug":"kontakt","status":"publish","type":"page","link":"https:\/\/www.barbara-radinger.com\/Kunst\/kontakt\/","title":{"rendered":"Kontakt"},"content":{"rendered":"\n<div class=\"wp-block-columns is-layout-flex wp-container-core-columns-is-layout-9d6595d7 wp-block-columns-is-layout-flex\">\n<div class=\"wp-block-column is-layout-flow wp-block-column-is-layout-flow\">\n<div class=\"wpcf7 no-js\" id=\"wpcf7-f42-o1\" lang=\"de-DE\" dir=\"ltr\" data-wpcf7-id=\"42\">\n<div class=\"screen-reader-response\"><p role=\"status\" aria-live=\"polite\" aria-atomic=\"true\"><\/p> <ul><\/ul><\/div>\n<form action=\"\/Kunst\/wp-json\/wp\/v2\/pages\/19#wpcf7-f42-o1\" method=\"post\" class=\"wpcf7-form init\" aria-label=\"Kontaktformular\" novalidate=\"novalidate\" data-status=\"init\">\n<fieldset class=\"hidden-fields-container\"><input type=\"hidden\" name=\"_wpcf7\" value=\"42\" \/><input type=\"hidden\" name=\"_wpcf7_version\" value=\"6.1.5\" \/><input type=\"hidden\" name=\"_wpcf7_locale\" value=\"de_DE\" \/><input type=\"hidden\" name=\"_wpcf7_unit_tag\" value=\"wpcf7-f42-o1\" \/><input type=\"hidden\" name=\"_wpcf7_container_post\" value=\"0\" \/><input type=\"hidden\" name=\"_wpcf7_posted_data_hash\" value=\"\" \/><input type=\"hidden\" name=\"_cf7a__timestamp\" value=\"PslP4CJ8Y0XunbX5SVf52g==\" \/><input type=\"hidden\" name=\"_cf7a_version\" value=\"1.0\" \/><input type=\"hidden\" name=\"_cf7a_address\" value=\"\" \/><input type=\"hidden\" name=\"_cf7a_referer\" value=\"\" \/><input type=\"hidden\" name=\"_cf7a_protocol\" value=\"\" \/><input type=\"hidden\" name=\"_cf7a_bot_fingerprint\" value=\"PslP4CJ8Y0XunbX5SVf52g==\" \/><input type=\"hidden\" name=\"_cf7a_bot_fingerprint_extras\" \/><input type=\"hidden\" name=\"_cf7a_append_on_submit\" \/>\n<\/fieldset>\n<p><label> Ihr Name<br \/>\n<span class=\"wpcf7-form-control-wrap\" data-name=\"your-name\"><input type=\"text\" name=\"name\" value=\"\" autocomplete=\"fill\" class=\"fit-the-fullspace\" aria-hidden=\"true\" tabindex=\"-1\" \/><input size=\"40\" maxlength=\"400\" class=\"wpcf7-form-control wpcf7-text wpcf7-validates-as-required\" aria-required=\"true\" aria-invalid=\"false\" value=\"\" type=\"text\" name=\"your-name\" \/><\/span> <\/label>\n<\/p>\n<p><label> Ihre E-Mail-Adresse<br \/>\n<span class=\"wpcf7-form-control-wrap\" data-name=\"your-email\"><input size=\"40\" maxlength=\"400\" class=\"wpcf7-form-control wpcf7-email wpcf7-validates-as-required wpcf7-text wpcf7-validates-as-email\" aria-required=\"true\" aria-invalid=\"false\" value=\"\" type=\"email\" name=\"your-email\" \/><\/span> <\/label>\n<\/p>\n<p><label> Betreff<br \/>\n<span class=\"wpcf7-form-control-wrap\" data-name=\"your-subject\"><input size=\"40\" maxlength=\"400\" class=\"wpcf7-form-control wpcf7-text wpcf7-validates-as-required\" aria-required=\"true\" aria-invalid=\"false\" value=\"\" type=\"text\" name=\"your-subject\" \/><input type=\"text\" name=\"address\" value=\"\" autocomplete=\"fill\" class=\"fit-the-fullspace\" aria-hidden=\"true\" tabindex=\"-1\" \/><\/span> <\/label>\n<\/p>\n<p><label> Ihre Nachricht (optional)<br \/>\n<span class=\"wpcf7-form-control-wrap\" data-name=\"your-message\"><textarea cols=\"40\" rows=\"10\" maxlength=\"2000\" class=\"wpcf7-form-control wpcf7-textarea\" aria-invalid=\"false\" name=\"your-message\"><\/textarea><\/span> <\/label>\n<\/p>\n<p><span class=\"wpcf7-form-control-wrap\" data-name=\"acceptance-79\"><span class=\"wpcf7-form-control wpcf7-acceptance\"><span class=\"wpcf7-list-item\"><label><input type=\"checkbox\" name=\"acceptance-79\" value=\"1\" aria-invalid=\"false\" \/><span class=\"wpcf7-list-item-label\">Ihre Daten werden ausschlie\u00dflich zum Zwecke der von Ihnen angeforderten Aufgabe oder Unterlagen verwendet. Nach Ablauf der gesetzlichen Aufbewahrungsfristen werden diese von uns gel\u00f6scht. Weitere Informationen finden Sie in unserer Datenschutzerkl\u00e4rung. Hiermit erkl\u00e4re ich mich einverstanden.<\/span><\/label><\/span><\/span><\/span>\n<\/p>\n<p><input class=\"wpcf7-form-control wpcf7-submit has-spinner\" type=\"submit\" value=\"Senden\" \/>\n<\/p><div class=\"wpcf7-response-output\" aria-hidden=\"true\"><\/div>\n<\/form>\n<\/div>\n\n<\/div>\n\n\n\n<div class=\"wp-block-column is-layout-flow wp-block-column-is-layout-flow\">\n<figure class=\"wp-block-image size-large is-resized\"><img loading=\"lazy\" decoding=\"async\" src=\"https:\/\/www.barbara-radinger.com\/Kunst\/wp-content\/uploads\/2022\/11\/Anfahrt-Barbara-Radinger-651x1024.jpg\" alt=\"Anfahrt Galerie\" class=\"wp-image-832\" width=\"402\" height=\"632\" srcset=\"https:\/\/www.barbara-radinger.com\/Kunst\/wp-content\/uploads\/2022\/11\/Anfahrt-Barbara-Radinger-651x1024.jpg 651w, https:\/\/www.barbara-radinger.com\/Kunst\/wp-content\/uploads\/2022\/11\/Anfahrt-Barbara-Radinger-191x300.jpg 191w, https:\/\/www.barbara-radinger.com\/Kunst\/wp-content\/uploads\/2022\/11\/Anfahrt-Barbara-Radinger-768x1208.jpg 768w, https:\/\/www.barbara-radinger.com\/Kunst\/wp-content\/uploads\/2022\/11\/Anfahrt-Barbara-Radinger.jpg 800w\" sizes=\"auto, (max-width: 402px) 100vw, 402px\" \/><\/figure>\n\n\n\n<figure class=\"wp-block-image size-full\"><a href=\"https:\/\/www.google.es\/maps\/place\/Carrer+Gran+Via+de+la+Constituci%C3%B3,+24,+24,+07570+Art%C3%A0,+Illes+Balears\/@39.6929032,3.3471969,19z\/data=!3m1!4b1!4m5!3m4!1s0x12963c04c1dca9e9:0xdfed8a0cef2b403f!8m2!3d39.6929022!4d3.3477454?hl=de\" target=\"_blank\" rel=\"noreferrer noopener\"><img loading=\"lazy\" decoding=\"async\" width=\"800\" height=\"551\" src=\"https:\/\/www.barbara-radinger.com\/Kunst\/wp-content\/uploads\/2022\/11\/Karte-Anfahrt.jpg\" alt=\"\" class=\"wp-image-911\" srcset=\"https:\/\/www.barbara-radinger.com\/Kunst\/wp-content\/uploads\/2022\/11\/Karte-Anfahrt.jpg 800w, https:\/\/www.barbara-radinger.com\/Kunst\/wp-content\/uploads\/2022\/11\/Karte-Anfahrt-300x207.jpg 300w, https:\/\/www.barbara-radinger.com\/Kunst\/wp-content\/uploads\/2022\/11\/Karte-Anfahrt-768x529.jpg 768w\" sizes=\"auto, (max-width: 800px) 100vw, 800px\" \/><\/a><figcaption class=\"wp-element-caption\">Klick f\u00fcr Google Maps<\/figcaption><\/figure>\n<\/div>\n<\/div>\n","protected":false},"excerpt":{"rendered":"","protected":false},"author":1,"featured_media":0,"parent":0,"menu_order":0,"comment_status":"closed","ping_status":"closed","template":"","meta":{"footnotes":""},"class_list":["post-19","page","type-page","status-publish","hentry"],"guten_post_layout_featured_media_urls":{"full":false,"thumbnail":false,"medium":false,"medium_large":false,"large":false,"1536x1536":false,"2048x2048":false,"guten_post_layout_landscape_large":false,"guten_post_layout_portrait_large":false,"guten_post_layout_square_large":false,"guten_post_layout_landscape":false,"guten_post_layout_portrait":false,"guten_post_layout_square":false,"shapely-full":false,"shapely-featured":false,"shapely-grid":false},"_links":{"self":[{"href":"https:\/\/www.barbara-radinger.com\/Kunst\/wp-json\/wp\/v2\/pages\/19","targetHints":{"allow":["GET"]}}],"collection":[{"href":"https:\/\/www.barbara-radinger.com\/Kunst\/wp-json\/wp\/v2\/pages"}],"about":[{"href":"https:\/\/www.barbara-radinger.com\/Kunst\/wp-json\/wp\/v2\/types\/page"}],"author":[{"embeddable":true,"href":"https:\/\/www.barbara-radinger.com\/Kunst\/wp-json\/wp\/v2\/users\/1"}],"replies":[{"embeddable":true,"href":"https:\/\/www.barbara-radinger.com\/Kunst\/wp-json\/wp\/v2\/comments?post=19"}],"version-history":[{"count":9,"href":"https:\/\/www.barbara-radinger.com\/Kunst\/wp-json\/wp\/v2\/pages\/19\/revisions"}],"predecessor-version":[{"id":913,"href":"https:\/\/www.barbara-radinger.com\/Kunst\/wp-json\/wp\/v2\/pages\/19\/revisions\/913"}],"wp:attachment":[{"href":"https:\/\/www.barbara-radinger.com\/Kunst\/wp-json\/wp\/v2\/media?parent=19"}],"curies":[{"name":"wp","href":"https:\/\/api.w.org\/{rel}","templated":true}]}}