{"id":71,"date":"2022-08-29T11:17:20","date_gmt":"2022-08-29T09:17:20","guid":{"rendered":"https:\/\/www.barbara-radinger.com\/Kunst\/brite\/"},"modified":"2022-10-11T10:08:30","modified_gmt":"2022-10-11T08:08:30","slug":"brite","status":"publish","type":"page","link":"https:\/\/www.barbara-radinger.com\/Kunst\/","title":{"rendered":"Barbara Radinger"},"content":{"rendered":"\n<p>Geboren in Limbach-Oberfrohna Sachsen<br>Mittlere Reife, Fachabitur sozialer Zweig,&nbsp;<br>Mag. Studium Literaturwissenschaft, Fernuniversitaet Hagen, Kunststudium Akademie Faber Castell, N\u00fcrnberg&nbsp;<\/p>\n\n\n\n<p>Fr\u00fches Aktzeichnen in einer Hochschulgruppe Salzburg 1980 \u2013 1995 berufliche Besch\u00e4ftigung mit Mode Design Entwurf, Anfertigung und Styling bei den Fotoarbeiten im In- und Ausland. K\u00fcnstlerische Leitung, in Zusammenarbeit mit der Fa. Phildar, auch Burda und Verena. &nbsp;<\/p>\n\n\n\n<p>Fortw\u00e4hrend Kurse an der Reichenhaller Kunstakademie Schwerpunkte menschlicher K\u00f6rper Zeichnen, Malen und Skulptur u. a.bei Sigi Braun, Profs. Darda, Schmegner u. a.<\/p>\n\n\n\n<p>Mitglied der Berufsgemeinschaft bildender K\u00fcnstler, Salzburg w\u00e4hrend meiner Zeit in Bad Reichenhall, Gemeinschaftliche Kunstgalerie in Gro\u00dfgmain \u201ezum alten Adeg\u201c<\/p>\n\n\n\n<p><\/p>\n\n\n\t\t<div class='wp-block-psb-parallax  alignfull' id='psbParallaxSection-24534174-3'>\r\n\t\t\t<style>\r\n\t\t\t\t\r\n\t\t\t#psbParallaxSection-24534174-3{\r\n\t\t\t\tmin-height: 800px;\r\n\t\t\t}\r\n\t\t\t#psbParallaxSection-24534174-3 .psbParallaxSection{\r\n\t\t\t\tjustify-content: center;\r\n\t\t\t\ttext-align: center;\r\n\t\t\t\tmin-height: 800px;\r\n\t\t\t\tpadding: 20px 30px;\r\n\t\t\t}\r\n\t\t\t#psbParallaxSection-24534174-3 .psbParallaxImg{\r\n\t\t\t\tbackground: url(https:\/\/www.barbara-radinger.com\/Kunst\/wp-content\/uploads\/2022\/08\/mallorca-4415881_1920.jpg); background-color: rgba(0, 0, 0, 0.45); background-position: center center; background-size: cover; background-repeat: no-repeat; background-attachment: fixed; background-blend-mode: overlay;\r\n\t\t\t}\r\n\t\t\t\t\t<\/style>\r\n\r\n\t\t\t<div class='psbParallaxImg' data-speed='-1'><\/div>\r\n\r\n\t\t\t<div class='psbParallaxSection'>\r\n\t\t\t\t\n\n<h2 class=\"has-text-color wp-block-heading\" style=\"color:#fff;font-size:40px\">K\u00fcnstlerin Barbara Radinger<\/h2>\n\n\n\n<p class=\"has-text-color\" style=\"color:#fff;font-size:20px\">Im Malvorgang an sich, in der Bewegung des Pinselstrichs, in der Ver\u00e4nderung des Gef\u00fcges am Werk, im Hinzuf\u00fcgen und Wegnehmen, bzw. \u00dcbermalen liegt die Sinnlichkeit, die mir immer wieder Lust macht, mich auf ein Bild einzulassen.<\/p>\n\n\n\n<div class=\"wp-block-buttons is-content-justification-center is-layout-flow wp-block-buttons-is-layout-flow\">\n<div class=\"wp-block-button has-custom-font-size\" style=\"font-size:30px\"><a class=\"wp-block-button__link has-pale-pink-background-color has-text-color has-background\" href=\"https:\/\/www.barbara-radinger.com\/Kunst\/kontakt\/\" style=\"color:#fff\">Kontakt<\/a><\/div>\n<\/div>\n\n\t\t\t<\/div>\r\n\t\t<\/div>\r\n\r\n\t\t","protected":false},"excerpt":{"rendered":"<p>Geboren in Limbach-Oberfrohna SachsenMittlere Reife, Fachabitur sozialer Zweig,&nbsp;Mag. Studium Literaturwissenschaft, Fernuniversitaet Hagen, Kunststudium Akademie Faber Castell, N\u00fcrnberg&nbsp; Fr\u00fches Aktzeichnen in einer Hochschulgruppe Salzburg 1980 \u2013 1995 berufliche Besch\u00e4ftigung mit Mode Design Entwurf, Anfertigung und Styling bei den Fotoarbeiten im In- und Ausland. K\u00fcnstlerische Leitung, in Zusammenarbeit mit der Fa. Phildar, auch Burda und Verena. &nbsp;<\/p>\n<div><a class=\"btn-filled btn\" href=\"https:\/\/www.barbara-radinger.com\/Kunst\/\" title=\"Barbara Radinger\">Weiterlesen<\/a><\/div>\n","protected":false},"author":1,"featured_media":0,"parent":0,"menu_order":0,"comment_status":"closed","ping_status":"closed","template":"page-templates\/full-width.php","meta":{"footnotes":""},"class_list":["post-71","page","type-page","status-publish","hentry"],"guten_post_layout_featured_media_urls":{"full":false,"thumbnail":false,"medium":false,"medium_large":false,"large":false,"1536x1536":false,"2048x2048":false,"guten_post_layout_landscape_large":false,"guten_post_layout_portrait_large":false,"guten_post_layout_square_large":false,"guten_post_layout_landscape":false,"guten_post_layout_portrait":false,"guten_post_layout_square":false,"shapely-full":false,"shapely-featured":false,"shapely-grid":false},"_links":{"self":[{"href":"https:\/\/www.barbara-radinger.com\/Kunst\/wp-json\/wp\/v2\/pages\/71","targetHints":{"allow":["GET"]}}],"collection":[{"href":"https:\/\/www.barbara-radinger.com\/Kunst\/wp-json\/wp\/v2\/pages"}],"about":[{"href":"https:\/\/www.barbara-radinger.com\/Kunst\/wp-json\/wp\/v2\/types\/page"}],"author":[{"embeddable":true,"href":"https:\/\/www.barbara-radinger.com\/Kunst\/wp-json\/wp\/v2\/users\/1"}],"replies":[{"embeddable":true,"href":"https:\/\/www.barbara-radinger.com\/Kunst\/wp-json\/wp\/v2\/comments?post=71"}],"version-history":[{"count":48,"href":"https:\/\/www.barbara-radinger.com\/Kunst\/wp-json\/wp\/v2\/pages\/71\/revisions"}],"predecessor-version":[{"id":475,"href":"https:\/\/www.barbara-radinger.com\/Kunst\/wp-json\/wp\/v2\/pages\/71\/revisions\/475"}],"wp:attachment":[{"href":"https:\/\/www.barbara-radinger.com\/Kunst\/wp-json\/wp\/v2\/media?parent=71"}],"curies":[{"name":"wp","href":"https:\/\/api.w.org\/{rel}","templated":true}]}}